{"id":559,"date":"2014-08-22T12:12:23","date_gmt":"2014-08-22T11:12:23","guid":{"rendered":"http:\/\/www.loisiles.ch\/wordpress\/?page_id=559"},"modified":"2020-10-12T11:17:54","modified_gmt":"2020-10-12T10:17:54","slug":"le-shop","status":"publish","type":"page","link":"https:\/\/www.loisiles.ch\/wordpress\/le-shop\/","title":{"rendered":"Le shop"},"content":{"rendered":"<p>[vc_column][vc_video link=\u00a0\u00bbhttps:\/\/www.youtube.com\/watch?v=VK-9puanoRo&amp;feature=youtu.be\u00a0\u00bb el_width=\u00a0\u00bb80&Prime; align=\u00a0\u00bbcenter\u00a0\u00bb title=\u00a0\u00bbLe coup droit du ma\u00eetre\u00a0\u00bb][\/vc_column]<\/p>\n<div class=\"one_fourth tt-column\">\n<div class=\"modern_img_frame modern_four_col_large\">\n<div class=\"img-preload lightbox-img\"><a href=\"http:\/\/www.wilson.com\/fr-fr\/tennis\/tennis-rackets\" class=\"attachment-fadeIn\" title=\"\" target=\"blank\"><\/p>\n<div class=\"lightbox-zoom zoom-4 zoom-link\" style=\"position:absolute; display: none;\">&nbsp;<\/div>\n<p><img src='https:\/\/www.loisiles.ch\/wordpress\/wp-content\/themes\/Karma\/framework\/extended\/timthumb\/timthumb.php?src=http:\/\/www.loisiles.ch\/wordpress\/wp-content\/uploads\/2014\/08\/raquettewilson2.jpg&amp;h=111&amp;w=190' alt='' class=\"attachment-fadeIn\" \/><\/a><\/div>\n<\/div>\n<h5>Des raquettes pour tous les niveaux&#8230;<\/h5>\n<\/div>\n<div class=\"one_fourth tt-column\">\n<div class=\"modern_img_frame modern_four_col_large\">\n<div class=\"img-preload lightbox-img\"><a href=\"http:\/\/www.wilson.com\/en-gb\/tennis\/tennis-shoes\/\" class=\"attachment-fadeIn\" title=\"\" target=\"blank\"><\/p>\n<div class=\"lightbox-zoom zoom-4 zoom-link\" style=\"position:absolute; display: none;\">&nbsp;<\/div>\n<p><img src='https:\/\/www.loisiles.ch\/wordpress\/wp-content\/themes\/Karma\/framework\/extended\/timthumb\/timthumb.php?src=http:\/\/www.loisiles.ch\/wordpress\/wp-content\/uploads\/2014\/08\/IMG_3704.jpg&amp;h=111&amp;w=190' alt='' class=\"attachment-fadeIn\" \/><\/a><\/div>\n<\/div>\n<h5>Des chaussures pour toutes les surfaces<\/h5>\n<\/div>\n<div class=\"one_fourth tt-column\">\n<div class=\"modern_img_frame modern_four_col_large\">\n<div class=\"img-preload lightbox-img\"><a href=\"http:\/\/www.wilson.com\/en-gb\/tennis\/tennis-apparel\/\" class=\"attachment-fadeIn\" title=\"\" target=\"blank\"><\/p>\n<div class=\"lightbox-zoom zoom-4 zoom-link\" style=\"position:absolute; display: none;\">&nbsp;<\/div>\n<p><img src='https:\/\/www.loisiles.ch\/wordpress\/wp-content\/themes\/Karma\/framework\/extended\/timthumb\/timthumb.php?src=http:\/\/www.loisiles.ch\/wordpress\/wp-content\/uploads\/2014\/08\/sweatwilson.jpg&amp;h=111&amp;w=190' alt='' class=\"attachment-fadeIn\" \/><\/a><\/div>\n<\/div>\n<h5>Une grande gamme de textiles<\/h5>\n<\/div>\n<div class=\"one_fourth_last tt-column\">\n<div class=\"modern_img_frame modern_four_col_large\">\n<div class=\"img-preload lightbox-img\"><a href=\"http:\/\/www.wilson.com\/en-gb\/tennis\/tennis-accessories\/\" class=\"attachment-fadeIn\" title=\"\" target=\"blank\"><\/p>\n<div class=\"lightbox-zoom zoom-4 zoom-link\" style=\"position:absolute; display: none;\">&nbsp;<\/div>\n<p><img src='https:\/\/www.loisiles.ch\/wordpress\/wp-content\/themes\/Karma\/framework\/extended\/timthumb\/timthumb.php?src=http:\/\/www.loisiles.ch\/wordpress\/wp-content\/uploads\/2014\/08\/balles1.jpg&amp;h=111&amp;w=190' alt='' class=\"attachment-fadeIn\" \/><\/a><\/div>\n<\/div>\n<h5>Tout le mat\u00e9riel n\u00e9cessaire pour s&rsquo;\u00e9quiper<\/h5>\n<\/div>\n<p><br class=\"clear\" \/><\/p>\n<div class=\"callout-wrap\"><span><\/p>\n<h4> Mais vous pourrez aussi vous \u00e9quiper et profiter de notre espace de restauration.<\/h4>\n<p> <\/span><\/div>\n<p><!-- END callout-wrap --><br class=\"clear\" \/><\/p>\n<div class=\"one_third tt-column\">\n<div class=\"modern_img_frame modern_three_col_large true-img-none\">\n<div class=\"img-preload lightbox-img\"><a href=\"http:\/\/www.wilson.com\/fr-fr\/squash\/\" class=\"attachment-fadeIn\" title=\"\" target=\"blank\"><\/p>\n<div class=\"lightbox-zoom zoom-3 zoom-link\" style=\"position:absolute; display: none;\">&nbsp;<\/div>\n<p><img src='https:\/\/www.loisiles.ch\/wordpress\/wp-content\/themes\/Karma\/framework\/extended\/timthumb\/timthumb.php?src=http:\/\/www.loisiles.ch\/wordpress\/wp-content\/uploads\/2014\/08\/squash2.jpg&amp;h=145&amp;w=275' alt='' class=\"attachment-fadeIn\" \/><\/a><\/div>\n<\/div>\n<p>Squash<\/p>\n<\/div>\n<div class=\"one_third tt-column\">\n<div class=\"modern_img_frame modern_three_col_large true-img-none\">\n<div class=\"img-preload lightbox-img\"><a href=\"http:\/\/www.wilson.com\/fr-fr\/badminton\/\" class=\"attachment-fadeIn\" title=\"\" target=\"blank\"><\/p>\n<div class=\"lightbox-zoom zoom-3 zoom-link\" style=\"position:absolute; display: none;\">&nbsp;<\/div>\n<p><img src='https:\/\/www.loisiles.ch\/wordpress\/wp-content\/themes\/Karma\/framework\/extended\/timthumb\/timthumb.php?src=http:\/\/www.loisiles.ch\/wordpress\/wp-content\/uploads\/2014\/08\/badminton2.jpg&amp;h=145&amp;w=275' alt='' class=\"attachment-fadeIn\" \/><\/a><\/div>\n<\/div>\n<p>Badminton<\/p>\n<\/div>\n<div class=\"one_third_last tt-column\">\n<div class=\"modern_img_frame modern_three_col_large true-img-none\">\n<div class=\"img-preload lightbox-img\"><a href=\"http:\/\/www.loisiles.ch\/wordpress\/wp-content\/uploads\/2014\/08\/bar2.jpg\" class=\"attachment-fadeIn\" title=\"\" target=\"self\"><\/p>\n<div class=\"lightbox-zoom zoom-3 zoom-link\" style=\"position:absolute; display: none;\">&nbsp;<\/div>\n<p><img src='https:\/\/www.loisiles.ch\/wordpress\/wp-content\/themes\/Karma\/framework\/extended\/timthumb\/timthumb.php?src=http:\/\/www.loisiles.ch\/wordpress\/wp-content\/uploads\/2014\/08\/bar2.jpg&amp;h=145&amp;w=275' alt='' class=\"attachment-fadeIn\" \/><\/a><\/div>\n<\/div>\n<p>&#8230;et le bar pour finir l&rsquo;entra\u00eenement<\/p>\n<\/div>\n<p><br class=\"clear\" \/><\/p>\n","protected":false},"excerpt":{"rendered":"<p>[vc_column][vc_video link=\u00a0\u00bbhttps:\/\/www.youtube.com\/watch?v=VK-9puanoRo&amp;feature=youtu.be\u00a0\u00bb el_width=\u00a0\u00bb80&Prime; align=\u00a0\u00bbcenter\u00a0\u00bb title=\u00a0\u00bbLe coup droit du ma\u00eetre\u00a0\u00bb][\/vc_column]<\/p>\n","protected":false},"author":1,"featured_media":0,"parent":0,"menu_order":0,"comment_status":"closed","ping_status":"closed","template":"","meta":{"footnotes":""},"class_list":["post-559","page","type-page","status-publish","hentry"],"_links":{"self":[{"href":"https:\/\/www.loisiles.ch\/wordpress\/wp-json\/wp\/v2\/pages\/559","targetHints":{"allow":["GET"]}}],"collection":[{"href":"https:\/\/www.loisiles.ch\/wordpress\/wp-json\/wp\/v2\/pages"}],"about":[{"href":"https:\/\/www.loisiles.ch\/wordpress\/wp-json\/wp\/v2\/types\/page"}],"author":[{"embeddable":true,"href":"https:\/\/www.loisiles.ch\/wordpress\/wp-json\/wp\/v2\/users\/1"}],"replies":[{"embeddable":true,"href":"https:\/\/www.loisiles.ch\/wordpress\/wp-json\/wp\/v2\/comments?post=559"}],"version-history":[{"count":99,"href":"https:\/\/www.loisiles.ch\/wordpress\/wp-json\/wp\/v2\/pages\/559\/revisions"}],"predecessor-version":[{"id":1955,"href":"https:\/\/www.loisiles.ch\/wordpress\/wp-json\/wp\/v2\/pages\/559\/revisions\/1955"}],"wp:attachment":[{"href":"https:\/\/www.loisiles.ch\/wordpress\/wp-json\/wp\/v2\/media?parent=559"}],"curies":[{"name":"wp","href":"https:\/\/api.w.org\/{rel}","templated":true}]}}