{"id":366,"date":"2014-08-13T11:27:36","date_gmt":"2014-08-13T10:27:36","guid":{"rendered":"http:\/\/www.loisiles.ch\/wordpress\/?page_id=366"},"modified":"2026-04-06T09:20:50","modified_gmt":"2026-04-06T08:20:50","slug":"les-cours-1","status":"publish","type":"page","link":"https:\/\/www.loisiles.ch\/wordpress\/les-cours-1\/","title":{"rendered":"Les cours de tennis"},"content":{"rendered":"<div class=\"wpb-content-wrapper\">\n<p>[vc_row][vc_column][vc_column_text]<\/p>\n<div class=\"one_half tt-column\">\n<p><a href=\"http:\/\/www.loisiles.ch\/wordpress\/wp-content\/uploads\/2014\/08\/coursdetennis12.jpg\"><img loading=\"lazy\" decoding=\"async\" class=\"aligncenter size-medium wp-image-771\" src=\"http:\/\/www.loisiles.ch\/wordpress\/wp-content\/uploads\/2014\/08\/coursdetennis12-300x224.jpg\" alt=\"coursdetennis1\" width=\"300\" height=\"224\" srcset=\"https:\/\/www.loisiles.ch\/wordpress\/wp-content\/uploads\/2014\/08\/coursdetennis12-300x224.jpg 300w, https:\/\/www.loisiles.ch\/wordpress\/wp-content\/uploads\/2014\/08\/coursdetennis12.jpg 335w\" sizes=\"auto, (max-width: 300px) 100vw, 300px\" \/><\/a><\/p>\n<\/div>\n<p><\/p>\n<div class=\"one_half_last tt-column\">\n<h4 style=\"text-align: center;\">Le Centre des Iles propose des cours pour tous les niveaux. Nous disposons d&rsquo;une \u00e9cole de tennis o\u00f9 les enfants s&rsquo;initient au tennis. Nous poursuivons la formation avec des cours pour les juniors.<br \/>\nBien entendu, le Centre dispose de professeurs agr\u00e9\u00e9s pour une formation priv\u00e9e&#8230;<br \/>\nNous sommes \u00e0 votre disposition pour de plus amples renseignements.<\/h4>\n<\/div>\n<p><br class=\"clear\" \/>[\/vc_column_text][\/vc_column][\/vc_row]<\/p>\n<h5 class=\"heading-horizontal\" style=\"margin:20px 0 50px 0;\"><span>Nos cours propos\u00e9s<\/span><\/h5>\n<div class=\"tabs-area\"><ul class=\"tabset\"><li><a href=\"#tab-\" class=\"tab\"><span>Tous les cours<\/span><\/a><\/li><li><a href=\"#tab-1\" class=\"tab\"><span>Ecole de tennis<\/span><\/a><\/li><li><a href=\"#tab-2\" class=\"tab\"><span>Cours priv\u00e9s<\/span><\/a><\/li><li><a href=\"#tab-3\" class=\"tab\"><span>Nos camps<\/span><\/a><\/li><\/ul><div id=\"tab-\" class=\"tab-box\"><div class=\"one_third tt-column\">\n<h4 style=\"text-align: center;\">Ecole de tennis<\/h4>\n<h4><img loading=\"lazy\" decoding=\"async\" class=\"aligncenter size-full wp-image-244\" src=\"http:\/\/www.loisiles.ch\/wordpress\/wp-content\/uploads\/2014\/08\/annee07_833-e1407495855580.jpg\" alt=\"\" width=\"200\" height=\"133\" \/><\/h4>\n<\/div>\n<div class=\"one_third tt-column\">\n<h4 style=\"text-align: center;\">Cours priv\u00e9s<\/h4>\n<h4><img loading=\"lazy\" decoding=\"async\" class=\"aligncenter size-medium wp-image-527\" src=\"http:\/\/www.loisiles.ch\/wordpress\/wp-content\/uploads\/2014\/08\/1directeur-248x300.jpg\" alt=\"1directeur\" width=\"248\" height=\"300\" srcset=\"https:\/\/www.loisiles.ch\/wordpress\/wp-content\/uploads\/2014\/08\/1directeur-248x300.jpg 248w, https:\/\/www.loisiles.ch\/wordpress\/wp-content\/uploads\/2014\/08\/1directeur.jpg 470w\" sizes=\"auto, (max-width: 248px) 100vw, 248px\" \/><\/h4>\n<p>&nbsp;<\/p>\n<\/div>\n<p><\/p>\n<div class=\"one_third_last tt-column\">\n<h4 style=\"text-align: center;\">Nos camps<\/h4>\n<h4><img loading=\"lazy\" decoding=\"async\" class=\"aligncenter size-medium wp-image-660\" src=\"http:\/\/www.loisiles.ch\/wordpress\/wp-content\/uploads\/2014\/08\/Photo-semaine-8-002-300x225.jpg\" alt=\"Photo semaine 8 002\" width=\"300\" height=\"225\" srcset=\"https:\/\/www.loisiles.ch\/wordpress\/wp-content\/uploads\/2014\/08\/Photo-semaine-8-002-300x225.jpg 300w, https:\/\/www.loisiles.ch\/wordpress\/wp-content\/uploads\/2014\/08\/Photo-semaine-8-002-1024x768.jpg 1024w\" sizes=\"auto, (max-width: 300px) 100vw, 300px\" \/><a href=\"https:\/\/www.loisiles.ch\/wordpress\/wp-content\/uploads\/2022\/09\/photo-sem-2-camp-scaled.jpg\"><img loading=\"lazy\" decoding=\"async\" class=\"aligncenter size-medium wp-image-2437\" src=\"https:\/\/www.loisiles.ch\/wordpress\/wp-content\/uploads\/2022\/09\/photo-sem-2-camp-300x225.jpg\" alt=\"\" width=\"300\" height=\"225\" srcset=\"https:\/\/www.loisiles.ch\/wordpress\/wp-content\/uploads\/2022\/09\/photo-sem-2-camp-300x225.jpg 300w, https:\/\/www.loisiles.ch\/wordpress\/wp-content\/uploads\/2022\/09\/photo-sem-2-camp-1024x768.jpg 1024w, https:\/\/www.loisiles.ch\/wordpress\/wp-content\/uploads\/2022\/09\/photo-sem-2-camp-768x576.jpg 768w, https:\/\/www.loisiles.ch\/wordpress\/wp-content\/uploads\/2022\/09\/photo-sem-2-camp-1536x1152.jpg 1536w, https:\/\/www.loisiles.ch\/wordpress\/wp-content\/uploads\/2022\/09\/photo-sem-2-camp-2048x1536.jpg 2048w\" sizes=\"auto, (max-width: 300px) 100vw, 300px\" \/><\/a><\/h4>\n<\/div>\n<p><br class=\"clear\" \/><\/p>\n<\/div><div id=\"tab-1\" class=\"tab-box\"><div class=\"two_thirds tt-column\">\n<h2 style=\"text-align: center;\"><strong>Ecole de tennis 1996 &#8211; 2026<\/strong><\/h2>\n<h3 style=\"text-align: center;\">Plus de 30 ans d&rsquo;exp\u00e9rience au service de vos enfants<\/h3>\n<p>&nbsp;<\/p>\n<h3 style=\"text-align: center;\"><a href=\"http:\/\/www.loisiles.ch\/Les%20pdf\/2024\/ecoletennis.pdf\" target=\"_blank\" rel=\"noopener\">L&rsquo;\u00e9cole de tennis 2026<\/a><\/h3>\n<p>&nbsp;<\/p>\n<p>&nbsp;<\/p>\n<h5 style=\"text-align: center;\">&#8230;Le plaisir de d\u00e9couvrir le tennis diff\u00e9remment.<br \/>\nUnique et original, notre nouveau concept d&rsquo;apprentissage du tennis aux enfants<br \/>\nUn cours magique et motivant: citrouille, c\u00f4nes, cubes, arceaux&#8230;<br \/>\nUn choix unique de cibles, de parcours ludiques qui enrichiront et<br \/>\nd\u00e9velopperont votre entra\u00eenement habituel<\/h5>\n<p>&nbsp;<\/p>\n<table id=\"tablepress-7\" class=\"tablepress tablepress-id-7\">\n<tbody class=\"row-striping row-hover\">\n<tr class=\"row-1\">\n<td class=\"column-1\">Mercredi de 13h \u00e0 18h<\/td>\n<td class=\"column-2\">Autres jours de 17h \u00e0 20h<\/td>\n<\/tr>\n<tr class=\"row-2\">\n<td class=\"column-1\"><\/td>\n<td class=\"column-2\"><\/td>\n<\/tr>\n<tr class=\"row-3\">\n<td class=\"column-1\">Cours 5-6 \u00e9l\u00e8ves<\/td>\n<td class=\"column-2\">16.- \/ Heure<\/td>\n<\/tr>\n<tr class=\"row-4\">\n<td class=\"column-1\">Cours 4 \u00e9l\u00e8ves<\/td>\n<td class=\"column-2\">20.- \/ Heure<\/td>\n<\/tr>\n<tr class=\"row-5\">\n<td class=\"column-1\">Cours 3 \u00e9l\u00e8ves<\/td>\n<td class=\"column-2\">26.- \/ Heure<\/td>\n<\/tr>\n<\/tbody>\n<\/table>\n<p><!-- #tablepress-7 from cache --><\/p>\n<h3 style=\"text-align: center;\"><strong>Entra\u00eenement \/ Perfectionnement &amp; Comp\u00e9tition<\/strong><\/h3>\n<h3 style=\"text-align: center;\">Perfectionnement des coups \u00e0 effets avec application des 4 facteurs pour affronter le tennis moderne et ses difficult\u00e9s ( TA\/TE\/ME\/Condition physique)<\/h3>\n<h4 style=\"text-align: left;\">1. Participation aux matchs interclubs juniors<br \/>\n2. Possibilit\u00e9 d&rsquo;int\u00e9grer les \u00e9quipes interclubs actifs.<\/h4>\n<h4>Renseignements et inscriptions aupr\u00e8s de notre secr\u00e9tariat.<\/h4>\n<\/div>\n<div class=\"one_third_last tt-column\">\n<p><a href=\"http:\/\/www.loisiles.ch\/wordpress\/wp-content\/uploads\/2014\/08\/annee07_812.jpg\"><img loading=\"lazy\" decoding=\"async\" class=\"aligncenter size-medium wp-image-679\" src=\"http:\/\/www.loisiles.ch\/wordpress\/wp-content\/uploads\/2014\/08\/annee07_812-200x300.jpg\" alt=\"annee07_812\" width=\"200\" height=\"300\" srcset=\"https:\/\/www.loisiles.ch\/wordpress\/wp-content\/uploads\/2014\/08\/annee07_812-200x300.jpg 200w, https:\/\/www.loisiles.ch\/wordpress\/wp-content\/uploads\/2014\/08\/annee07_812-682x1024.jpg 682w\" sizes=\"auto, (max-width: 200px) 100vw, 200px\" \/><\/a><\/p>\n<p>&nbsp;<\/p>\n<p><a href=\"http:\/\/www.loisiles.ch\/wordpress\/wp-content\/uploads\/2014\/08\/annee07_822-e1409069469998.jpg\"><img loading=\"lazy\" decoding=\"async\" class=\"aligncenter size-medium wp-image-577\" src=\"http:\/\/www.loisiles.ch\/wordpress\/wp-content\/uploads\/2014\/08\/annee07_822-e1409069469998-221x300.jpg\" alt=\"annee07_822\" width=\"221\" height=\"300\" srcset=\"https:\/\/www.loisiles.ch\/wordpress\/wp-content\/uploads\/2014\/08\/annee07_822-e1409069469998-221x300.jpg 221w, https:\/\/www.loisiles.ch\/wordpress\/wp-content\/uploads\/2014\/08\/annee07_822-e1409069469998-755x1024.jpg 755w\" sizes=\"auto, (max-width: 221px) 100vw, 221px\" \/><\/a><\/p>\n<\/div>\n<p><br class=\"clear\" \/><\/p>\n<\/div><div id=\"tab-2\" class=\"tab-box\"><div class=\"two_thirds tt-column\">\n<p><h2 id=\"tablepress-5-name\" class=\"tablepress-table-name tablepress-table-name-id-5\">Tarifs des le\u00e7ons de tennis<\/h2>\n<table id=\"tablepress-5\" class=\"tablepress tablepress-id-5 tbody-has-connected-cells\" aria-labelledby=\"tablepress-5-name\">\n<tbody class=\"row-striping row-hover\">\n<tr class=\"row-1\">\n<td colspan=\"3\" class=\"column-1\">Voir le tarif sp\u00e9cial pour 5 heures de cours  individuels ou en couple sur \u00ab\u00a0Tarifs \u00e9t\u00e9\u00a0\u00bb<\/td>\n<\/tr>\n<tr class=\"row-2\">\n<td class=\"column-1\">Priv\u00e9e<\/td>\n<td class=\"column-2\">75.-<\/td>\n<td class=\"column-3\">08h00 &#8211; 17h00<\/td>\n<\/tr>\n<tr class=\"row-3\">\n<td class=\"column-1\"><\/td>\n<td class=\"column-2\">85.-<\/td>\n<td class=\"column-3\">17h00 &#8211; 22h00<\/td>\n<\/tr>\n<tr class=\"row-4\">\n<td class=\"column-1\">2 personnes <\/td>\n<td class=\"column-2\">40.- p. pers<\/td>\n<td class=\"column-3\">08h00 &#8211; 17h00<\/td>\n<\/tr>\n<tr class=\"row-5\">\n<td class=\"column-1\"><\/td>\n<td class=\"column-2\">45.- p. pers<\/td>\n<td class=\"column-3\">17h00 &#8211; 22h00<\/td>\n<\/tr>\n<tr class=\"row-6\">\n<td class=\"column-1\">3 personnes<\/td>\n<td class=\"column-2\">30.- p. pers<\/td>\n<td class=\"column-3\">08h00 &#8211; 17h00<\/td>\n<\/tr>\n<tr class=\"row-7\">\n<td class=\"column-1\"><\/td>\n<td class=\"column-2\">35.- p. pers<\/td>\n<td class=\"column-3\">17h00 &#8211; 22h00<\/td>\n<\/tr>\n<tr class=\"row-8\">\n<td class=\"column-1\">4 personnes <\/td>\n<td class=\"column-2\">25.- p. pers<\/td>\n<td class=\"column-3\">08h00 &#8211; 17h00<\/td>\n<\/tr>\n<tr class=\"row-9\">\n<td class=\"column-1\"><\/td>\n<td class=\"column-2\">30.- p. pers<\/td>\n<td class=\"column-3\">17h00 &#8211; 22h00<\/td>\n<\/tr>\n<\/tbody>\n<tfoot>\n<tr class=\"row-10\">\n<td class=\"column-1\"><\/td>\n<td class=\"column-2\"><\/td>\n<td class=\"column-3\"><\/td>\n<\/tr>\n<\/tfoot>\n<\/table>\n<p><!-- #tablepress-5 from cache --><\/p>\n<\/div>\n<div class=\"one_third_last tt-column\">\n<p><a href=\"http:\/\/www.loisiles.ch\/wordpress\/wp-content\/uploads\/2014\/08\/fille-e1409068339213.jpg\"><img loading=\"lazy\" decoding=\"async\" class=\"aligncenter size-medium wp-image-634\" src=\"http:\/\/www.loisiles.ch\/wordpress\/wp-content\/uploads\/2014\/08\/fille-e1409068339213-270x300.jpg\" alt=\"\" width=\"270\" height=\"300\" srcset=\"https:\/\/www.loisiles.ch\/wordpress\/wp-content\/uploads\/2014\/08\/fille-e1409068339213-270x300.jpg 270w, https:\/\/www.loisiles.ch\/wordpress\/wp-content\/uploads\/2014\/08\/fille-e1409068339213.jpg 665w\" sizes=\"auto, (max-width: 270px) 100vw, 270px\" \/><\/a><\/p>\n<\/div>\n<p><br class=\"clear\" \/><\/p>\n<\/div><div id=\"tab-3\" class=\"tab-box\"><div class=\"two_thirds tt-column\">\n<h4><a href=\"http:\/\/www.loisiles.ch\/Les%20pdf\/2025\/campete26annonce.pdf\" target=\"_blank\" rel=\"noopener\">Les camps \u00e9t\u00e9 2026.<\/a><\/h4>\n<h5>Les camps d&rsquo;\u00e9t\u00e9 se d\u00e9roulent sur 8 semaines<br \/>\ndu 29 juin au 14 ao\u00fbt et sont polysportifs<\/h5>\n<p><h4>Jetez un oeil \u00e0 <a title=\"Nos galeries\" href=\"http:\/\/www.loisiles.ch\/wordpress\/?page_id=229\">la galerie<\/a><\/h4>\n<\/div>\n<div class=\"one_third_last tt-column\">\n<h4><\/h4>\n<p><img loading=\"lazy\" decoding=\"async\" class=\"aligncenter size-medium wp-image-657\" src=\"http:\/\/www.loisiles.ch\/wordpress\/wp-content\/uploads\/2014\/08\/Photo-quatri\u00e8me-semaine-300x225.jpg\" alt=\"Photo quatri\u00e8me semaine\" width=\"300\" height=\"225\" srcset=\"https:\/\/www.loisiles.ch\/wordpress\/wp-content\/uploads\/2014\/08\/Photo-quatri\u00e8me-semaine-300x225.jpg 300w, https:\/\/www.loisiles.ch\/wordpress\/wp-content\/uploads\/2014\/08\/Photo-quatri\u00e8me-semaine-1024x768.jpg 1024w\" sizes=\"auto, (max-width: 300px) 100vw, 300px\" \/><\/p>\n<p><a href=\"http:\/\/www.loisiles.ch\/wordpress\/wp-content\/uploads\/2014\/08\/Photo-premi\u00e8re-semaine.jpg\"><img loading=\"lazy\" decoding=\"async\" class=\"aligncenter size-medium wp-image-656\" src=\"http:\/\/www.loisiles.ch\/wordpress\/wp-content\/uploads\/2014\/08\/Photo-premi\u00e8re-semaine.jpg\" alt=\"Photo premi\u00e8re semaine\" width=\"1\" height=\"1\" \/><\/a><a href=\"http:\/\/www.loisiles.ch\/wordpress\/wp-content\/uploads\/2014\/08\/Photo-premi\u00e8re-semaine.jpg\"><img loading=\"lazy\" decoding=\"async\" class=\"aligncenter size-medium wp-image-656\" src=\"http:\/\/www.loisiles.ch\/wordpress\/wp-content\/uploads\/2014\/08\/Photo-premi\u00e8re-semaine.jpg\" alt=\"Photo premi\u00e8re semaine\" width=\"1\" height=\"1\" \/><\/a><\/p>\n<\/div>\n<p><br class=\"clear\" \/><\/p>\n<\/div><\/div><ul class=\"true-business-contact\">\n<li><a href=\"tel:\/\/027\/346.19.29\" class=\"true-biz-phone\">027\/346.19.29<\/a><\/li>\n<li><a href=\"mailto:loisiles@loisiles.ch\" class=\"true-biz-email\">loisiles@loisiles.ch<\/a><\/li>\n<\/ul>\n\n<ul class=\"social_icons tt_vector_social_icons tt_show_social_title\"><li><a title=\"Facebook\" class=\"facebook\" href=\"https:\/\/www.facebook.com\/olivier.mabillard\" target=\"blank\">Facebook<\/a><\/li><\/ul>\n<\/p>\n<\/div>\n","protected":false},"excerpt":{"rendered":"<p>\n[vc_row][vc_column][vc_column_text]<br \/>\n[\/vc_column_text][\/vc_column][\/vc_row]<\/p>\n","protected":false},"author":1,"featured_media":0,"parent":0,"menu_order":0,"comment_status":"closed","ping_status":"closed","template":"","meta":{"footnotes":""},"class_list":["post-366","page","type-page","status-publish","hentry"],"_links":{"self":[{"href":"https:\/\/www.loisiles.ch\/wordpress\/wp-json\/wp\/v2\/pages\/366","targetHints":{"allow":["GET"]}}],"collection":[{"href":"https:\/\/www.loisiles.ch\/wordpress\/wp-json\/wp\/v2\/pages"}],"about":[{"href":"https:\/\/www.loisiles.ch\/wordpress\/wp-json\/wp\/v2\/types\/page"}],"author":[{"embeddable":true,"href":"https:\/\/www.loisiles.ch\/wordpress\/wp-json\/wp\/v2\/users\/1"}],"replies":[{"embeddable":true,"href":"https:\/\/www.loisiles.ch\/wordpress\/wp-json\/wp\/v2\/comments?post=366"}],"version-history":[{"count":141,"href":"https:\/\/www.loisiles.ch\/wordpress\/wp-json\/wp\/v2\/pages\/366\/revisions"}],"predecessor-version":[{"id":4580,"href":"https:\/\/www.loisiles.ch\/wordpress\/wp-json\/wp\/v2\/pages\/366\/revisions\/4580"}],"wp:attachment":[{"href":"https:\/\/www.loisiles.ch\/wordpress\/wp-json\/wp\/v2\/media?parent=366"}],"curies":[{"name":"wp","href":"https:\/\/api.w.org\/{rel}","templated":true}]}}